{"id":241,"date":"2017-06-12T14:09:06","date_gmt":"2017-06-12T12:09:06","guid":{"rendered":"https:\/\/diarrea.eu\/?page_id=241"},"modified":"2017-06-13T13:21:52","modified_gmt":"2017-06-13T11:21:52","slug":"diarrea-cause-sintomi-forme-rimedi","status":"publish","type":"page","link":"https:\/\/diarrea.eu\/","title":{"rendered":"Diarrea &#8211; Cause, Sintomi, Forme e Rimedi"},"content":{"rendered":"<h2 class=\"title\">Che cos\u2019\u00e8 la diarrea?<\/h2>\n<p dir=\"ltr\" style=\"text-align: justify;\">La diarrea \u00e8 un disturbo della defecazione caratterizzato da evacuazioni frequenti e da feci liquide; \u00e8 dovuta ad un incremento del contenuto di acqua nelle feci che conseguentemente aumentano di fluidit\u00e0 e peso (si pu\u00f2 riscontrare anche la presenza di sangue, muco, grassi e pus).\u00a0La diarrea in s\u00e8 non \u00e8 una patologia ma un sintomo aspecifico che accomuna numerosissime malattie. Si distingue in diarrea acuta con una durata inferiore alle 3 settimane (solitamente ha un origine infettiva oppure \u00e8 dovuta a tossinfezioni alimentari o reazioni avverse ai farmaci) e diarrea cronica con una durata maggiore alle 3 settimane; a sua volta si distingue in diarrea cronica infiammatoria (pu\u00f2 essere causata da celiachia o da malattie infiammatorie croniche intestinali come la rettocolite ulcerosa o il morbo di Crohn) e cronica non infiammatoria (pu\u00f2 essere causata da tumori, uso di lassativi, interventi chirurgici, pancreatici croniche).<\/p>\n<p dir=\"ltr\" style=\"text-align: justify;\">Le diarree per il meccanismo patofisiologico che le accompagna sono divise in:<\/p>\n<p dir=\"ltr\" style=\"text-align: justify;\"><strong>Diarrea secretoria<\/strong>: si ha uno stimolo che provoca una iperescrezione di acqua ed elettroliti da parte della mucosa intestinale; \u00e8 tipica nelle infezioni e tossinfezioni intestinali.<\/p>\n<p dir=\"ltr\" style=\"text-align: justify;\"><strong>Diarrea osmotica<\/strong>: si ha per l\u2019accumulo di soluti nel lume intestinale che non vengono assorbiti; un esempio di diarrea osmotica \u00e8 dato dall\u2019intolleranza al lattosio o a seguito della somministrazione di lassativi osmotici come i sali di magnesio. Altre cause possono essere date da farmaci o zuccheri non assimilabili come il sorbitolo o lo xilitolo presi in grande quantit\u00e0.<\/p>\n<p dir=\"ltr\" style=\"text-align: justify;\"><strong>Diarrea infiammatoria<\/strong>: si pu\u00f2 definire di tipo misto in quanto presenta sia i meccanismi della diarrea secretiva che di quelle osmotiche. La diarrea infiammatoria \u00e8 caratterizzata da un danno alla mucosa intestinale associato a un processo infiammatorio. L\u2019infiammazione pu\u00f2 essere causata da vari fattori: infezioni, ischemie intestinali, radiazioni, farmaci, rettocolite ulcerosa, celiachia, allergie alimentari, morbo di Crohn.\u00a0L\u2019infiammazione riduce le capacit\u00e0 assorbenti del tessuto ed aumenta le capacit\u00e0 secretive, che provocano diarrea; se il danno infiammatorio continua si possono formare delle ulcere alle quali segue la formazione di un essudato contenente proteine e sangue; dal punto di vista clinico si pu\u00f2 avere febbre, dolore addominale, feci miste a sangue, pus muco.<\/p>\n<p style=\"text-align: justify;\"><strong>Diarrea da alterata mobilit\u00e0 intestinale<\/strong>: consiste in un aumento dell\u2019attivit\u00e0 motoria dell\u2019intestino con relativa diminuzione del tempo di transito del materiale fecale; la causa pi\u00f9 frequente di questo tipo di diarrea \u00e8 la sindrome del colon irritabile e la sindrome da carcinoide con iperproduzione di 5-idrossi-triptamina. La sintomatologia di questa condizione compare con diarrea a volte alternata a stipsi, possibile dolore addominale e presenza di muco nelle feci.<\/p>\n<div class=\"post\">\n<p class=\"entry\"><em><span style=\"color: #c0c0c0;\">I contenuti presenti nel sito sono a solo scopo informativo. Fate sempre riferimento alle indicazioni del vostro medico curante<\/span>.<\/em><\/p>\n<\/div>\n","protected":false},"excerpt":{"rendered":"<div class=\"mh-excerpt\"><p>Che cos\u2019\u00e8 la diarrea? La diarrea \u00e8 un disturbo della defecazione caratterizzato da evacuazioni frequenti e da feci liquide; \u00e8 dovuta ad un incremento del <a class=\"mh-excerpt-more\" href=\"https:\/\/diarrea.eu\/\" title=\"Diarrea &#8211; Cause, Sintomi, Forme e Rimedi\">[&#8230;]<\/a><\/p>\n<\/div>","protected":false},"author":0,"featured_media":0,"parent":0,"menu_order":0,"comment_status":"closed","ping_status":"closed","template":"","meta":{"footnotes":""},"class_list":["post-241","page","type-page","status-publish","hentry"],"yoast_head":"<!-- This site is optimized with the Yoast SEO plugin v27.0 - https:\/\/yoast.com\/product\/yoast-seo-wordpress\/ -->\n<title>Diarrea - Cause, Sintomi, Forme e Rimedi<\/title>\n<meta name=\"robots\" content=\"index, follow, max-snippet:-1, max-image-preview:large, max-video-preview:-1\" \/>\n<link rel=\"canonical\" href=\"https:\/\/diarrea.eu\/\" \/>\n<meta property=\"og:locale\" content=\"it_IT\" \/>\n<meta property=\"og:type\" content=\"article\" \/>\n<meta property=\"og:title\" content=\"Diarrea - Cause, Sintomi, Forme e Rimedi\" \/>\n<meta property=\"og:description\" content=\"Che cos\u2019\u00e8 la diarrea? La diarrea \u00e8 un disturbo della defecazione caratterizzato da evacuazioni frequenti e da feci liquide; \u00e8 dovuta ad un incremento del [...]\" \/>\n<meta property=\"og:url\" content=\"https:\/\/diarrea.eu\/\" \/>\n<meta property=\"og:site_name\" content=\"Diarrea - Cause, Sintomi, Forme e Rimedi\" \/>\n<meta property=\"article:modified_time\" content=\"2017-06-13T11:21:52+00:00\" \/>\n<meta name=\"twitter:card\" content=\"summary_large_image\" \/>\n<meta name=\"twitter:label1\" content=\"Tempo di lettura stimato\" \/>\n\t<meta name=\"twitter:data1\" content=\"2 minuti\" \/>\n<script type=\"application\/ld+json\" class=\"yoast-schema-graph\">{\"@context\":\"https:\/\/schema.org\",\"@graph\":[{\"@type\":\"WebPage\",\"@id\":\"https:\/\/diarrea.eu\/\",\"url\":\"https:\/\/diarrea.eu\/\",\"name\":\"Diarrea - Cause, Sintomi, Forme e Rimedi\",\"isPartOf\":{\"@id\":\"https:\/\/diarrea.eu\/#website\"},\"datePublished\":\"2017-06-12T12:09:06+00:00\",\"dateModified\":\"2017-06-13T11:21:52+00:00\",\"breadcrumb\":{\"@id\":\"https:\/\/diarrea.eu\/#breadcrumb\"},\"inLanguage\":\"it-IT\",\"potentialAction\":[{\"@type\":\"ReadAction\",\"target\":[\"https:\/\/diarrea.eu\/\"]}]},{\"@type\":\"BreadcrumbList\",\"@id\":\"https:\/\/diarrea.eu\/#breadcrumb\",\"itemListElement\":[{\"@type\":\"ListItem\",\"position\":1,\"name\":\"Home\",\"item\":\"https:\/\/diarrea.eu\/\"},{\"@type\":\"ListItem\",\"position\":2,\"name\":\"Diarrea &#8211; Cause, Sintomi, Forme e Rimedi\"}]},{\"@type\":\"WebSite\",\"@id\":\"https:\/\/diarrea.eu\/#website\",\"url\":\"https:\/\/diarrea.eu\/\",\"name\":\"Diarrea - Cause, Sintomi, Forme e Rimedi\",\"description\":\"\",\"publisher\":{\"@id\":\"https:\/\/diarrea.eu\/#organization\"},\"potentialAction\":[{\"@type\":\"SearchAction\",\"target\":{\"@type\":\"EntryPoint\",\"urlTemplate\":\"https:\/\/diarrea.eu\/?s={search_term_string}\"},\"query-input\":{\"@type\":\"PropertyValueSpecification\",\"valueRequired\":true,\"valueName\":\"search_term_string\"}}],\"inLanguage\":\"it-IT\"},{\"@type\":\"Organization\",\"@id\":\"https:\/\/diarrea.eu\/#organization\",\"name\":\"Diarrea - Cause, Sintomi, Forme e Rimedi\",\"url\":\"https:\/\/diarrea.eu\/\",\"logo\":{\"@type\":\"ImageObject\",\"inLanguage\":\"it-IT\",\"@id\":\"https:\/\/diarrea.eu\/#\/schema\/logo\/image\/\",\"url\":\"https:\/\/diarrea.eu\/wp-content\/uploads\/2017\/02\/cropped-diarr-1.png\",\"contentUrl\":\"https:\/\/diarrea.eu\/wp-content\/uploads\/2017\/02\/cropped-diarr-1.png\",\"width\":69,\"height\":67,\"caption\":\"Diarrea - Cause, Sintomi, Forme e Rimedi\"},\"image\":{\"@id\":\"https:\/\/diarrea.eu\/#\/schema\/logo\/image\/\"}}]}<\/script>\n<!-- \/ Yoast SEO plugin. -->","yoast_head_json":{"title":"Diarrea - Cause, Sintomi, Forme e Rimedi","robots":{"index":"index","follow":"follow","max-snippet":"max-snippet:-1","max-image-preview":"max-image-preview:large","max-video-preview":"max-video-preview:-1"},"canonical":"https:\/\/diarrea.eu\/","og_locale":"it_IT","og_type":"article","og_title":"Diarrea - Cause, Sintomi, Forme e Rimedi","og_description":"Che cos\u2019\u00e8 la diarrea? La diarrea \u00e8 un disturbo della defecazione caratterizzato da evacuazioni frequenti e da feci liquide; \u00e8 dovuta ad un incremento del [...]","og_url":"https:\/\/diarrea.eu\/","og_site_name":"Diarrea - Cause, Sintomi, Forme e Rimedi","article_modified_time":"2017-06-13T11:21:52+00:00","twitter_card":"summary_large_image","twitter_misc":{"Tempo di lettura stimato":"2 minuti"},"schema":{"@context":"https:\/\/schema.org","@graph":[{"@type":"WebPage","@id":"https:\/\/diarrea.eu\/","url":"https:\/\/diarrea.eu\/","name":"Diarrea - Cause, Sintomi, Forme e Rimedi","isPartOf":{"@id":"https:\/\/diarrea.eu\/#website"},"datePublished":"2017-06-12T12:09:06+00:00","dateModified":"2017-06-13T11:21:52+00:00","breadcrumb":{"@id":"https:\/\/diarrea.eu\/#breadcrumb"},"inLanguage":"it-IT","potentialAction":[{"@type":"ReadAction","target":["https:\/\/diarrea.eu\/"]}]},{"@type":"BreadcrumbList","@id":"https:\/\/diarrea.eu\/#breadcrumb","itemListElement":[{"@type":"ListItem","position":1,"name":"Home","item":"https:\/\/diarrea.eu\/"},{"@type":"ListItem","position":2,"name":"Diarrea &#8211; Cause, Sintomi, Forme e Rimedi"}]},{"@type":"WebSite","@id":"https:\/\/diarrea.eu\/#website","url":"https:\/\/diarrea.eu\/","name":"Diarrea - Cause, Sintomi, Forme e Rimedi","description":"","publisher":{"@id":"https:\/\/diarrea.eu\/#organization"},"potentialAction":[{"@type":"SearchAction","target":{"@type":"EntryPoint","urlTemplate":"https:\/\/diarrea.eu\/?s={search_term_string}"},"query-input":{"@type":"PropertyValueSpecification","valueRequired":true,"valueName":"search_term_string"}}],"inLanguage":"it-IT"},{"@type":"Organization","@id":"https:\/\/diarrea.eu\/#organization","name":"Diarrea - Cause, Sintomi, Forme e Rimedi","url":"https:\/\/diarrea.eu\/","logo":{"@type":"ImageObject","inLanguage":"it-IT","@id":"https:\/\/diarrea.eu\/#\/schema\/logo\/image\/","url":"https:\/\/diarrea.eu\/wp-content\/uploads\/2017\/02\/cropped-diarr-1.png","contentUrl":"https:\/\/diarrea.eu\/wp-content\/uploads\/2017\/02\/cropped-diarr-1.png","width":69,"height":67,"caption":"Diarrea - Cause, Sintomi, Forme e Rimedi"},"image":{"@id":"https:\/\/diarrea.eu\/#\/schema\/logo\/image\/"}}]}},"_links":{"self":[{"href":"https:\/\/diarrea.eu\/index.php?rest_route=\/wp\/v2\/pages\/241","targetHints":{"allow":["GET"]}}],"collection":[{"href":"https:\/\/diarrea.eu\/index.php?rest_route=\/wp\/v2\/pages"}],"about":[{"href":"https:\/\/diarrea.eu\/index.php?rest_route=\/wp\/v2\/types\/page"}],"replies":[{"embeddable":true,"href":"https:\/\/diarrea.eu\/index.php?rest_route=%2Fwp%2Fv2%2Fcomments&post=241"}],"version-history":[{"count":1,"href":"https:\/\/diarrea.eu\/index.php?rest_route=\/wp\/v2\/pages\/241\/revisions"}],"predecessor-version":[{"id":242,"href":"https:\/\/diarrea.eu\/index.php?rest_route=\/wp\/v2\/pages\/241\/revisions\/242"}],"wp:attachment":[{"href":"https:\/\/diarrea.eu\/index.php?rest_route=%2Fwp%2Fv2%2Fmedia&parent=241"}],"curies":[{"name":"wp","href":"https:\/\/api.w.org\/{rel}","templated":true}]}}