{"id":120,"date":"2012-09-12T22:29:34","date_gmt":"2012-09-12T20:29:34","guid":{"rendered":"https:\/\/diarrea.eu\/?page_id=79"},"modified":"2017-04-21T13:27:57","modified_gmt":"2017-04-21T11:27:57","slug":"ridiamoci-su-barzellette","status":"publish","type":"page","link":"https:\/\/diarrea.eu\/?page_id=120","title":{"rendered":"Ridiamoci su &#8211; barzellette"},"content":{"rendered":"<p style=\"text-align: justify;\">Ridere, ridere,\u00a0ridere: non c\u2019\u00e8 miglior modo per restare in salute. Una risata \u00e8 l\u2019antidoto giusto per ogni dolore, sia fisico che mentale.<\/p>\n<p><img loading=\"lazy\" decoding=\"async\" class=\"size-medium wp-image-81 alignright\" style=\"border: 1px solid black; margin: 4px;\" title=\"difficile dormire con la diarrea\" src=\"https:\/\/diarrea.eu\/wp-content\/uploads\/2012\/09\/constipation-sleep-257x300.jpg\" alt=\"difficile dormire con la diarrea\" width=\"257\" height=\"300\" \/><\/p>\n<h2 style=\"text-align: justify;\">Barzellette a tema<\/h2>\n<ol>\n<li>Di cosa ha bisogno un elefante con la diarrea? Di tanto, tanto spazio!<\/li>\n<li>Cosa dice una scimmia con la diarrea? Macaco addosso.<\/li>\n<li>&#8220;Dottore, posso fare il bagno con la diarrea?&#8221;. &#8220;Se ne ha abbastanza&#8230;&#8221;<\/li>\n<li>&#8220;Dottore, dottore, posso fare il cenone con la diarrea?&#8221;. &#8220;Se ti piace&#8230;&#8221;.<\/li>\n<li>&#8220;Dottore, posso fare il bagno con la diarrea?&#8221;. &#8220;Se ne ha abbastanza ci puo&#8217; fare anche i tuffi!!&#8221;<\/li>\n<li>Un postino ha la diarrea, va dal dottore, ma questi si sbaglia e gli da&#8217; un sedativo. Si rincontrano tempo dopo e il dottore chiede come vada. Il postino: &#8220;Me la faccio sempre addosso, ma non me ne frega niente!&#8221;.<\/li>\n<li>&#8220;Dottore, ho una diarrea spaventosa&#8221;. &#8220;Ha provato con un limone?&#8221;. &#8220;Certo, ma appena lo tolgo ricomincia!&#8221;.<\/li>\n<li>&#8220;Dottore, dottore, posso prendere un purgante con la diarrea?&#8221;. &#8220;perch\u00e9 vuoi riempire anche la piscina?&#8221;.<\/li>\n<li>Due stronzi giocano a tennis. Arriva una diarrea: &#8220;Posso giocare anch&#8217;io?&#8221;. &#8220;No, tu no; questo e&#8217; un gioco per duri!&#8221;.<\/li>\n<li>Soffro di dissenteria. Quando inizio qualcosa non riesco mai a fin&#8230; (Franco Merafino)<\/li>\n<li>Colmo per uno che ha molta fiducia in se&#8217;: cercare di lanciare una scoreggia mentre si ha la diarrea.<\/li>\n<li>Un pipistrello chiede ad un altro: &#8220;Qual e&#8217; stata l&#8217;esperienza piu&#8217; brutta della tua vita?&#8221;. E l&#8217;altro: &#8220;La diarrea!&#8221;.<\/li>\n<li>&#8220;Dottore, posso fare la doccia con la diarrea?&#8221;. &#8220;Si&#8217;, se riesce a stare per tutto il tempo in verticale sulle mani&#8221;.<\/li>\n<li>&#8220;Il tempo stringe&#8221; come disse il limone.<\/li>\n<li>Contro la diarrea non c&#8217;e&#8217; che aspettare. A un certo punto il tempo&#8230; stringe. (Giampiero Casoni)<\/li>\n<li>&#8220;Dottore, ho la diarrea&#8221;. &#8220;Parecchia?&#8221; (dal napoletano: Dalle orecchie?). &#8220;No, dal culo!&#8221;<\/li>\n<li>Non sei uno stronzo, sei una diarrea di elefante!<\/li>\n<li>Dal dottore: &#8220;Dottore ho la diarrea mentale&#8221;. &#8220;E cioe&#8217;?&#8221; &#8220;Tutte le volte che ho un&#8217;idea, e&#8217; merda!&#8221;<\/li>\n<li>Che cos&#8217;e&#8217; che nella giungla ha due gambe grigie e due marron? Un elefante con la diarrea.<\/li>\n<li>Dottore, posso mangiare il riso con la diarrea?. &#8220;Ma&#8230; se le piace, perch\u00e9 no?!&#8221;<\/li>\n<li>Purganti: L&#8217;imbarazzo della &#8220;sciolta&#8221;. (Gino Patroni)<\/li>\n<li>La barza piu&#8217; breve? &#8230;Limone!!!&#8230; Non fa ridere&#8230; ma neppure cagare!!<\/li>\n<li>&#8220;Dottore, posso fare il bagno con la diarrea?&#8221;. &#8220;Se scoreggia ci puo&#8217; fare anche l&#8217;idromassaggio!!&#8221;<\/li>\n<li>FIUMI DI PAROLE&#8230; Io e te seduti accanto in macchina \/ Sotto una pioggia battente \/ Parlare delle nostre incomprensioni \/ All&#8217;improvviso fuggire via da te \/ Senza dire una parola \/ Brividi freddi mi corrono lungo la schiena \/ E gocce di sudore mi imperlano la fronte \/ Il dolore mi fa contorcere \/ Come una foglia verde tra le fiamme \/ Mentre sto qui seduto tremante \/ L&#8217;universo intorno a me si espande. \/ Che brutta cosa la diarrea&#8230; (Flavio Oreglio)<\/li>\n<li>Cosa e&#8217; peggio che fottere una donna con le mestruazioni? Inculare un tizio con la diarrea!<\/li>\n<li>&#8220;Dottore, ho la logorrea!&#8221;. &#8220;Parliamone&#8221;. (Lopezzone)<\/li>\n<li>&#8220;La seduta e&#8217; sciolta&#8221; come diceva sempre mia nonna che se la faceva addosso sulla sedia quando aveva la diarrea. (DrZap)<\/li>\n<li>Diarrea Production presenta: &#8220;Una notte sul wc&#8221;, con: Dolores de Pansa eBruciores de Culos. Regia di Toni Tiralacqua. Diretto da PieroPassalacarta.<\/li>\n<li>&#8220;Mamma, mamma, quando gli passa al babbo la diarrea?&#8221;. La mamma: &#8220;Perch\u00e9 dici questo?&#8221;. &#8220;Perch\u00e9 sono 12 notti che ti sento dire: &#8220;Ma quand&#8217;\u00e8 che ti diventa dura questa merda?!?&#8221;. (tinmartin)<\/li>\n<li>&#8220;Dottore, posso fare il bagno con la diarrea?&#8221;. &#8220;No, guardi, usi ancora le piastrelle!&#8221;. (Aldo Vincent)<\/li>\n<li>Coppia gay. Uno dei due ritorna a casa dopo un lungo viaggio, ansioso di fare sesso. Si avvicina al compagno ma l&#8217;altro lo ferma: &#8220;No, oggi non posso, ho le mie cose&#8221;. &#8220;Uhm&#8230; Un&#8217;altra volta con la diarrea?&#8221;. (Mauroemme)<\/li>\n<li>Giove pudico: &#8220;Dottore, dottore, posso fare il bagno con la dea Rea?&#8221;.<\/li>\n<li>&#8220;Dottore, posso mangiare la pasta con la diarrea?&#8221;. &#8220;Mah! Se le piace&#8230;&#8221;<\/li>\n<li>Quattro giovani laureati di 4 importanti universit\u00e0 tecniche, Yale, Harvard, Sorbona, e Padova, cercavano impiego in una importante multinazionale con sede in Brasile. I quattro candidati furono chiamati insieme per un&#8217;intervista con il Direttore Generale. Il Direttore disse loro che dovevano rispondere ad una sola domanda, e che a seconda della risposta, il posto sarebbe stato loro. Il Direttore chiese: &#8220;Cos&#8217;\u00e8 pi\u00f9 veloce al mondo?&#8221;. Il laureato di Yale rispose: &#8220;il pensiero&#8221;, e il Direttore chiese &#8220;perch\u00e9?&#8221;. &#8220;perch\u00e9 un pensiero \u00e8 pressoch\u00e8 immediato&#8221;. Il Direttore pens\u00f2 che era una eccellente risposta. Il laureato di Harvard rispose: &#8220;unbattito di ciglia&#8221; &#8220;perch\u00e9 \u00e8 talmente rapido, che non ci accorgiamo nemmeno di farlo&#8221;. Il Direttore rest\u00f2 incantato. Il laureato della Sorbona rispose: &#8220;la corrente elettrica&#8221;. &#8220;perch\u00e9?&#8221;. volle sapere il Direttore. &#8220;perch\u00e9 ci avviciniamo all&#8217;interruttore, e con un leggero movimento possiamo accendere subito una luce a 5 km di distanza&#8221;. &#8220;Eccellente&#8221;, rispose il Direttore. Fu il turno del laureato di Padova, che rispose &#8220;Signor Direttore, la diarrea&#8221;. Il Direttore stupefatto gli chiese &#8220;lei ha voglia di scherzare, che dice?&#8221;. Il laureato replic\u00f2: &#8220;Proprio la diarrea. Stanotte avevo una diarrea cos\u00ec forte che prima di poter pensare o battere le ciglia, e senza darmi il tempo di accendere la luce, mi ero gi\u00e0 cagato addosso&#8221;. L&#8217;impiego fu suo.<\/li>\n<li>Cosa dice un boss mafioso al figlioletto che ha la sciolta? FALLA FUORI! (Erfonsinghelberg)<\/li>\n<li>E&#8217; stato dimostrato che 9 persone su 10 soffrono di diarrea. Questo vuol dire che 1 persona su 10 ne gode?? (Ops)<\/li>\n<li>Mia nonna si \u00e8 suicidata mangiando quaranta pastiglie di lassativo. Le sue ultime parole sono state: &#8220;Occupato!&#8221;. (Dado Tedeschi)<\/li>\n<li>Perch\u00e9 i carabinieri quando vanno in pensione hanno sempre la diarrea? Perch\u00e9 nella loro carriera hanno fatto sempre gli stronzi!!<\/li>\n<li>Insomma tutto cio&#8217; che si puo&#8217; mangiare senza dover usare i fornelli e&#8217; ben accetto. (A parte quella volta che ho mangiato zuppa di verdure in scatola per piu&#8217; di una settimana. Poi ho smesso. Ho smesso perch\u00e9 ho dovuto montare le cinture di sicurezza della macchina sul water). (Fabio Volo)<\/li>\n<\/ol>\n<div class=\"post\">\n<p class=\"entry\"><em><span style=\"color: #c0c0c0;\">I contenuti presenti nel sito sono a solo scopo informativo. Fate sempre riferimento alle indicazioni del vostro medico curante<\/span>.<\/em><\/p>\n<\/div>\n","protected":false},"excerpt":{"rendered":"<div class=\"mh-excerpt\"><p>Ridere, ridere,\u00a0ridere: non c\u2019\u00e8 miglior modo per restare in salute. Una risata \u00e8 l\u2019antidoto giusto per ogni dolore, sia fisico che mentale. Barzellette a tema <a class=\"mh-excerpt-more\" href=\"https:\/\/diarrea.eu\/?page_id=120\" title=\"Ridiamoci su &#8211; barzellette\">[&#8230;]<\/a><\/p>\n<\/div>","protected":false},"author":0,"featured_media":0,"parent":0,"menu_order":0,"comment_status":"open","ping_status":"open","template":"","meta":{"footnotes":""},"class_list":["post-120","page","type-page","status-publish","hentry"],"yoast_head":"<!-- This site is optimized with the Yoast SEO plugin v27.0 - https:\/\/yoast.com\/product\/yoast-seo-wordpress\/ -->\n<title>Ridiamoci su - barzellette - Diarrea - Cause, Sintomi, Forme e Rimedi<\/title>\n<meta name=\"robots\" content=\"index, follow, max-snippet:-1, max-image-preview:large, max-video-preview:-1\" \/>\n<link rel=\"canonical\" href=\"https:\/\/diarrea.eu\/?page_id=120\" \/>\n<meta property=\"og:locale\" content=\"it_IT\" \/>\n<meta property=\"og:type\" content=\"article\" \/>\n<meta property=\"og:title\" content=\"Ridiamoci su - barzellette - Diarrea - Cause, Sintomi, Forme e Rimedi\" \/>\n<meta property=\"og:description\" content=\"Ridere, ridere,\u00a0ridere: non c\u2019\u00e8 miglior modo per restare in salute. Una risata \u00e8 l\u2019antidoto giusto per ogni dolore, sia fisico che mentale. Barzellette a tema [...]\" \/>\n<meta property=\"og:url\" content=\"https:\/\/diarrea.eu\/?page_id=120\" \/>\n<meta property=\"og:site_name\" content=\"Diarrea - Cause, Sintomi, Forme e Rimedi\" \/>\n<meta property=\"article:modified_time\" content=\"2017-04-21T11:27:57+00:00\" \/>\n<meta name=\"twitter:card\" content=\"summary_large_image\" \/>\n<meta name=\"twitter:label1\" content=\"Tempo di lettura stimato\" \/>\n\t<meta name=\"twitter:data1\" content=\"5 minuti\" \/>\n<script type=\"application\/ld+json\" class=\"yoast-schema-graph\">{\"@context\":\"https:\/\/schema.org\",\"@graph\":[{\"@type\":\"WebPage\",\"@id\":\"https:\/\/diarrea.eu\/?page_id=120\",\"url\":\"https:\/\/diarrea.eu\/?page_id=120\",\"name\":\"Ridiamoci su - barzellette - Diarrea - Cause, Sintomi, Forme e Rimedi\",\"isPartOf\":{\"@id\":\"https:\/\/diarrea.eu\/#website\"},\"primaryImageOfPage\":{\"@id\":\"https:\/\/diarrea.eu\/?page_id=120#primaryimage\"},\"image\":{\"@id\":\"https:\/\/diarrea.eu\/?page_id=120#primaryimage\"},\"thumbnailUrl\":\"https:\/\/diarrea.eu\/wp-content\/uploads\/2012\/09\/constipation-sleep-257x300.jpg\",\"datePublished\":\"2012-09-12T20:29:34+00:00\",\"dateModified\":\"2017-04-21T11:27:57+00:00\",\"breadcrumb\":{\"@id\":\"https:\/\/diarrea.eu\/?page_id=120#breadcrumb\"},\"inLanguage\":\"it-IT\",\"potentialAction\":[{\"@type\":\"ReadAction\",\"target\":[\"https:\/\/diarrea.eu\/?page_id=120\"]}]},{\"@type\":\"ImageObject\",\"inLanguage\":\"it-IT\",\"@id\":\"https:\/\/diarrea.eu\/?page_id=120#primaryimage\",\"url\":\"https:\/\/diarrea.eu\/wp-content\/uploads\/2012\/09\/constipation-sleep-257x300.jpg\",\"contentUrl\":\"https:\/\/diarrea.eu\/wp-content\/uploads\/2012\/09\/constipation-sleep-257x300.jpg\"},{\"@type\":\"BreadcrumbList\",\"@id\":\"https:\/\/diarrea.eu\/?page_id=120#breadcrumb\",\"itemListElement\":[{\"@type\":\"ListItem\",\"position\":1,\"name\":\"Home\",\"item\":\"https:\/\/diarrea.eu\/\"},{\"@type\":\"ListItem\",\"position\":2,\"name\":\"Ridiamoci su &#8211; barzellette\"}]},{\"@type\":\"WebSite\",\"@id\":\"https:\/\/diarrea.eu\/#website\",\"url\":\"https:\/\/diarrea.eu\/\",\"name\":\"Diarrea - Cause, Sintomi, Forme e Rimedi\",\"description\":\"\",\"publisher\":{\"@id\":\"https:\/\/diarrea.eu\/#organization\"},\"potentialAction\":[{\"@type\":\"SearchAction\",\"target\":{\"@type\":\"EntryPoint\",\"urlTemplate\":\"https:\/\/diarrea.eu\/?s={search_term_string}\"},\"query-input\":{\"@type\":\"PropertyValueSpecification\",\"valueRequired\":true,\"valueName\":\"search_term_string\"}}],\"inLanguage\":\"it-IT\"},{\"@type\":\"Organization\",\"@id\":\"https:\/\/diarrea.eu\/#organization\",\"name\":\"Diarrea - Cause, Sintomi, Forme e Rimedi\",\"url\":\"https:\/\/diarrea.eu\/\",\"logo\":{\"@type\":\"ImageObject\",\"inLanguage\":\"it-IT\",\"@id\":\"https:\/\/diarrea.eu\/#\/schema\/logo\/image\/\",\"url\":\"https:\/\/diarrea.eu\/wp-content\/uploads\/2017\/02\/cropped-diarr-1.png\",\"contentUrl\":\"https:\/\/diarrea.eu\/wp-content\/uploads\/2017\/02\/cropped-diarr-1.png\",\"width\":69,\"height\":67,\"caption\":\"Diarrea - Cause, Sintomi, Forme e Rimedi\"},\"image\":{\"@id\":\"https:\/\/diarrea.eu\/#\/schema\/logo\/image\/\"}}]}<\/script>\n<!-- \/ Yoast SEO plugin. -->","yoast_head_json":{"title":"Ridiamoci su - barzellette - Diarrea - Cause, Sintomi, Forme e Rimedi","robots":{"index":"index","follow":"follow","max-snippet":"max-snippet:-1","max-image-preview":"max-image-preview:large","max-video-preview":"max-video-preview:-1"},"canonical":"https:\/\/diarrea.eu\/?page_id=120","og_locale":"it_IT","og_type":"article","og_title":"Ridiamoci su - barzellette - Diarrea - Cause, Sintomi, Forme e Rimedi","og_description":"Ridere, ridere,\u00a0ridere: non c\u2019\u00e8 miglior modo per restare in salute. Una risata \u00e8 l\u2019antidoto giusto per ogni dolore, sia fisico che mentale. Barzellette a tema [...]","og_url":"https:\/\/diarrea.eu\/?page_id=120","og_site_name":"Diarrea - Cause, Sintomi, Forme e Rimedi","article_modified_time":"2017-04-21T11:27:57+00:00","twitter_card":"summary_large_image","twitter_misc":{"Tempo di lettura stimato":"5 minuti"},"schema":{"@context":"https:\/\/schema.org","@graph":[{"@type":"WebPage","@id":"https:\/\/diarrea.eu\/?page_id=120","url":"https:\/\/diarrea.eu\/?page_id=120","name":"Ridiamoci su - barzellette - Diarrea - Cause, Sintomi, Forme e Rimedi","isPartOf":{"@id":"https:\/\/diarrea.eu\/#website"},"primaryImageOfPage":{"@id":"https:\/\/diarrea.eu\/?page_id=120#primaryimage"},"image":{"@id":"https:\/\/diarrea.eu\/?page_id=120#primaryimage"},"thumbnailUrl":"https:\/\/diarrea.eu\/wp-content\/uploads\/2012\/09\/constipation-sleep-257x300.jpg","datePublished":"2012-09-12T20:29:34+00:00","dateModified":"2017-04-21T11:27:57+00:00","breadcrumb":{"@id":"https:\/\/diarrea.eu\/?page_id=120#breadcrumb"},"inLanguage":"it-IT","potentialAction":[{"@type":"ReadAction","target":["https:\/\/diarrea.eu\/?page_id=120"]}]},{"@type":"ImageObject","inLanguage":"it-IT","@id":"https:\/\/diarrea.eu\/?page_id=120#primaryimage","url":"https:\/\/diarrea.eu\/wp-content\/uploads\/2012\/09\/constipation-sleep-257x300.jpg","contentUrl":"https:\/\/diarrea.eu\/wp-content\/uploads\/2012\/09\/constipation-sleep-257x300.jpg"},{"@type":"BreadcrumbList","@id":"https:\/\/diarrea.eu\/?page_id=120#breadcrumb","itemListElement":[{"@type":"ListItem","position":1,"name":"Home","item":"https:\/\/diarrea.eu\/"},{"@type":"ListItem","position":2,"name":"Ridiamoci su &#8211; barzellette"}]},{"@type":"WebSite","@id":"https:\/\/diarrea.eu\/#website","url":"https:\/\/diarrea.eu\/","name":"Diarrea - Cause, Sintomi, Forme e Rimedi","description":"","publisher":{"@id":"https:\/\/diarrea.eu\/#organization"},"potentialAction":[{"@type":"SearchAction","target":{"@type":"EntryPoint","urlTemplate":"https:\/\/diarrea.eu\/?s={search_term_string}"},"query-input":{"@type":"PropertyValueSpecification","valueRequired":true,"valueName":"search_term_string"}}],"inLanguage":"it-IT"},{"@type":"Organization","@id":"https:\/\/diarrea.eu\/#organization","name":"Diarrea - Cause, Sintomi, Forme e Rimedi","url":"https:\/\/diarrea.eu\/","logo":{"@type":"ImageObject","inLanguage":"it-IT","@id":"https:\/\/diarrea.eu\/#\/schema\/logo\/image\/","url":"https:\/\/diarrea.eu\/wp-content\/uploads\/2017\/02\/cropped-diarr-1.png","contentUrl":"https:\/\/diarrea.eu\/wp-content\/uploads\/2017\/02\/cropped-diarr-1.png","width":69,"height":67,"caption":"Diarrea - Cause, Sintomi, Forme e Rimedi"},"image":{"@id":"https:\/\/diarrea.eu\/#\/schema\/logo\/image\/"}}]}},"_links":{"self":[{"href":"https:\/\/diarrea.eu\/index.php?rest_route=\/wp\/v2\/pages\/120","targetHints":{"allow":["GET"]}}],"collection":[{"href":"https:\/\/diarrea.eu\/index.php?rest_route=\/wp\/v2\/pages"}],"about":[{"href":"https:\/\/diarrea.eu\/index.php?rest_route=\/wp\/v2\/types\/page"}],"replies":[{"embeddable":true,"href":"https:\/\/diarrea.eu\/index.php?rest_route=%2Fwp%2Fv2%2Fcomments&post=120"}],"version-history":[{"count":1,"href":"https:\/\/diarrea.eu\/index.php?rest_route=\/wp\/v2\/pages\/120\/revisions"}],"predecessor-version":[{"id":221,"href":"https:\/\/diarrea.eu\/index.php?rest_route=\/wp\/v2\/pages\/120\/revisions\/221"}],"wp:attachment":[{"href":"https:\/\/diarrea.eu\/index.php?rest_route=%2Fwp%2Fv2%2Fmedia&parent=120"}],"curies":[{"name":"wp","href":"https:\/\/api.w.org\/{rel}","templated":true}]}}