{"id":119,"date":"2012-09-12T21:57:23","date_gmt":"2012-09-12T19:57:23","guid":{"rendered":"https:\/\/diarrea.eu\/?page_id=64"},"modified":"2017-04-21T13:27:57","modified_gmt":"2017-04-21T11:27:57","slug":"quando-consultare-il-medico","status":"publish","type":"page","link":"https:\/\/diarrea.eu\/?page_id=119","title":{"rendered":"Quando consultare il medico"},"content":{"rendered":"<p>Una persona con diarrea defeca pi\u00f9 di 3 volte al giorno producendo pi\u00f9 di 1 litro nelle 24 ore. La diarrea in forma acuta \u00e8 un problema comune che dura per 1 o 2 giorni per poi risolversi da sola senza un trattamento specifico; quando la diarrea dura pi\u00f9 di 2 giorni pu\u00f2 essere il sintomo di un problema pi\u00f9 serio che porta al rischio di disidratazione (particolarmente pericolosa negli anziani e nei bambini, va trattata tempestivamente al fine di evitare gravi problemi di salute).<\/p>\n<p dir=\"ltr\">La diarrea pu\u00f2 essere accompagnata da crampi, gonfiori, nausea, dolore addominale e un urgente bisogno di evacuare; a seconda delle cause si pu\u00f2 avere febbre e feci con tracce di sangue.<\/p>\n<p dir=\"ltr\">La diarrea non \u00e8 pericolosa, ma pu\u00f2 diventarla; si deve consultare il medico se si verificano i seguenti casi:<\/p>\n<ul>\n<li>Diarrea per pi\u00f9 di 3 giorni.<\/li>\n<li>Dolori addominali o nel retto.<\/li>\n<li>Segni di disidratazione, febbre alta, sangue nelle feci o feci nere e catramose.<\/li>\n<\/ul>\n<div class=\"post\">\n<p class=\"entry\"><em><span style=\"color: #c0c0c0;\">I contenuti presenti nel sito sono a solo scopo informativo. Fate sempre riferimento alle indicazioni del vostro medico curante<\/span>.<\/em><\/p>\n<\/div>\n","protected":false},"excerpt":{"rendered":"<div class=\"mh-excerpt\"><p>Una persona con diarrea defeca pi\u00f9 di 3 volte al giorno producendo pi\u00f9 di 1 litro nelle 24 ore. La diarrea in forma acuta \u00e8 <a class=\"mh-excerpt-more\" href=\"https:\/\/diarrea.eu\/?page_id=119\" title=\"Quando consultare il medico\">[&#8230;]<\/a><\/p>\n<\/div>","protected":false},"author":0,"featured_media":0,"parent":0,"menu_order":0,"comment_status":"open","ping_status":"open","template":"","meta":{"footnotes":""},"class_list":["post-119","page","type-page","status-publish","hentry"],"yoast_head":"<!-- This site is optimized with the Yoast SEO plugin v27.0 - https:\/\/yoast.com\/product\/yoast-seo-wordpress\/ -->\n<title>Quando consultare il medico - Diarrea - Cause, Sintomi, Forme e Rimedi<\/title>\n<meta name=\"description\" content=\"Quando consultare il medico in caso di diarrea acuta.\" \/>\n<meta name=\"robots\" content=\"index, follow, max-snippet:-1, max-image-preview:large, max-video-preview:-1\" \/>\n<link rel=\"canonical\" href=\"https:\/\/diarrea.eu\/?page_id=119\" \/>\n<meta property=\"og:locale\" content=\"it_IT\" \/>\n<meta property=\"og:type\" content=\"article\" \/>\n<meta property=\"og:title\" content=\"Quando consultare il medico - Diarrea - Cause, Sintomi, Forme e Rimedi\" \/>\n<meta property=\"og:description\" content=\"Quando consultare il medico in caso di diarrea acuta.\" \/>\n<meta property=\"og:url\" content=\"https:\/\/diarrea.eu\/?page_id=119\" \/>\n<meta property=\"og:site_name\" content=\"Diarrea - Cause, Sintomi, Forme e Rimedi\" \/>\n<meta property=\"article:modified_time\" content=\"2017-04-21T11:27:57+00:00\" \/>\n<meta name=\"twitter:card\" content=\"summary_large_image\" \/>\n<meta name=\"twitter:label1\" content=\"Tempo di lettura stimato\" \/>\n\t<meta name=\"twitter:data1\" content=\"1 minuto\" \/>\n<script type=\"application\/ld+json\" class=\"yoast-schema-graph\">{\"@context\":\"https:\/\/schema.org\",\"@graph\":[{\"@type\":\"WebPage\",\"@id\":\"https:\/\/diarrea.eu\/?page_id=119\",\"url\":\"https:\/\/diarrea.eu\/?page_id=119\",\"name\":\"Quando consultare il medico - Diarrea - Cause, Sintomi, Forme e Rimedi\",\"isPartOf\":{\"@id\":\"https:\/\/diarrea.eu\/#website\"},\"datePublished\":\"2012-09-12T19:57:23+00:00\",\"dateModified\":\"2017-04-21T11:27:57+00:00\",\"description\":\"Quando consultare il medico in caso di diarrea acuta.\",\"breadcrumb\":{\"@id\":\"https:\/\/diarrea.eu\/?page_id=119#breadcrumb\"},\"inLanguage\":\"it-IT\",\"potentialAction\":[{\"@type\":\"ReadAction\",\"target\":[\"https:\/\/diarrea.eu\/?page_id=119\"]}]},{\"@type\":\"BreadcrumbList\",\"@id\":\"https:\/\/diarrea.eu\/?page_id=119#breadcrumb\",\"itemListElement\":[{\"@type\":\"ListItem\",\"position\":1,\"name\":\"Home\",\"item\":\"https:\/\/diarrea.eu\/\"},{\"@type\":\"ListItem\",\"position\":2,\"name\":\"Quando consultare il medico\"}]},{\"@type\":\"WebSite\",\"@id\":\"https:\/\/diarrea.eu\/#website\",\"url\":\"https:\/\/diarrea.eu\/\",\"name\":\"Diarrea - Cause, Sintomi, Forme e Rimedi\",\"description\":\"\",\"publisher\":{\"@id\":\"https:\/\/diarrea.eu\/#organization\"},\"potentialAction\":[{\"@type\":\"SearchAction\",\"target\":{\"@type\":\"EntryPoint\",\"urlTemplate\":\"https:\/\/diarrea.eu\/?s={search_term_string}\"},\"query-input\":{\"@type\":\"PropertyValueSpecification\",\"valueRequired\":true,\"valueName\":\"search_term_string\"}}],\"inLanguage\":\"it-IT\"},{\"@type\":\"Organization\",\"@id\":\"https:\/\/diarrea.eu\/#organization\",\"name\":\"Diarrea - Cause, Sintomi, Forme e Rimedi\",\"url\":\"https:\/\/diarrea.eu\/\",\"logo\":{\"@type\":\"ImageObject\",\"inLanguage\":\"it-IT\",\"@id\":\"https:\/\/diarrea.eu\/#\/schema\/logo\/image\/\",\"url\":\"https:\/\/diarrea.eu\/wp-content\/uploads\/2017\/02\/cropped-diarr-1.png\",\"contentUrl\":\"https:\/\/diarrea.eu\/wp-content\/uploads\/2017\/02\/cropped-diarr-1.png\",\"width\":69,\"height\":67,\"caption\":\"Diarrea - Cause, Sintomi, Forme e Rimedi\"},\"image\":{\"@id\":\"https:\/\/diarrea.eu\/#\/schema\/logo\/image\/\"}}]}<\/script>\n<!-- \/ Yoast SEO plugin. -->","yoast_head_json":{"title":"Quando consultare il medico - Diarrea - Cause, Sintomi, Forme e Rimedi","description":"Quando consultare il medico in caso di diarrea acuta.","robots":{"index":"index","follow":"follow","max-snippet":"max-snippet:-1","max-image-preview":"max-image-preview:large","max-video-preview":"max-video-preview:-1"},"canonical":"https:\/\/diarrea.eu\/?page_id=119","og_locale":"it_IT","og_type":"article","og_title":"Quando consultare il medico - Diarrea - Cause, Sintomi, Forme e Rimedi","og_description":"Quando consultare il medico in caso di diarrea acuta.","og_url":"https:\/\/diarrea.eu\/?page_id=119","og_site_name":"Diarrea - Cause, Sintomi, Forme e Rimedi","article_modified_time":"2017-04-21T11:27:57+00:00","twitter_card":"summary_large_image","twitter_misc":{"Tempo di lettura stimato":"1 minuto"},"schema":{"@context":"https:\/\/schema.org","@graph":[{"@type":"WebPage","@id":"https:\/\/diarrea.eu\/?page_id=119","url":"https:\/\/diarrea.eu\/?page_id=119","name":"Quando consultare il medico - Diarrea - Cause, Sintomi, Forme e Rimedi","isPartOf":{"@id":"https:\/\/diarrea.eu\/#website"},"datePublished":"2012-09-12T19:57:23+00:00","dateModified":"2017-04-21T11:27:57+00:00","description":"Quando consultare il medico in caso di diarrea acuta.","breadcrumb":{"@id":"https:\/\/diarrea.eu\/?page_id=119#breadcrumb"},"inLanguage":"it-IT","potentialAction":[{"@type":"ReadAction","target":["https:\/\/diarrea.eu\/?page_id=119"]}]},{"@type":"BreadcrumbList","@id":"https:\/\/diarrea.eu\/?page_id=119#breadcrumb","itemListElement":[{"@type":"ListItem","position":1,"name":"Home","item":"https:\/\/diarrea.eu\/"},{"@type":"ListItem","position":2,"name":"Quando consultare il medico"}]},{"@type":"WebSite","@id":"https:\/\/diarrea.eu\/#website","url":"https:\/\/diarrea.eu\/","name":"Diarrea - Cause, Sintomi, Forme e Rimedi","description":"","publisher":{"@id":"https:\/\/diarrea.eu\/#organization"},"potentialAction":[{"@type":"SearchAction","target":{"@type":"EntryPoint","urlTemplate":"https:\/\/diarrea.eu\/?s={search_term_string}"},"query-input":{"@type":"PropertyValueSpecification","valueRequired":true,"valueName":"search_term_string"}}],"inLanguage":"it-IT"},{"@type":"Organization","@id":"https:\/\/diarrea.eu\/#organization","name":"Diarrea - Cause, Sintomi, Forme e Rimedi","url":"https:\/\/diarrea.eu\/","logo":{"@type":"ImageObject","inLanguage":"it-IT","@id":"https:\/\/diarrea.eu\/#\/schema\/logo\/image\/","url":"https:\/\/diarrea.eu\/wp-content\/uploads\/2017\/02\/cropped-diarr-1.png","contentUrl":"https:\/\/diarrea.eu\/wp-content\/uploads\/2017\/02\/cropped-diarr-1.png","width":69,"height":67,"caption":"Diarrea - Cause, Sintomi, Forme e Rimedi"},"image":{"@id":"https:\/\/diarrea.eu\/#\/schema\/logo\/image\/"}}]}},"_links":{"self":[{"href":"https:\/\/diarrea.eu\/index.php?rest_route=\/wp\/v2\/pages\/119","targetHints":{"allow":["GET"]}}],"collection":[{"href":"https:\/\/diarrea.eu\/index.php?rest_route=\/wp\/v2\/pages"}],"about":[{"href":"https:\/\/diarrea.eu\/index.php?rest_route=\/wp\/v2\/types\/page"}],"replies":[{"embeddable":true,"href":"https:\/\/diarrea.eu\/index.php?rest_route=%2Fwp%2Fv2%2Fcomments&post=119"}],"version-history":[{"count":1,"href":"https:\/\/diarrea.eu\/index.php?rest_route=\/wp\/v2\/pages\/119\/revisions"}],"predecessor-version":[{"id":154,"href":"https:\/\/diarrea.eu\/index.php?rest_route=\/wp\/v2\/pages\/119\/revisions\/154"}],"wp:attachment":[{"href":"https:\/\/diarrea.eu\/index.php?rest_route=%2Fwp%2Fv2%2Fmedia&parent=119"}],"curies":[{"name":"wp","href":"https:\/\/api.w.org\/{rel}","templated":true}]}}