{"id":118,"date":"2012-09-12T21:36:21","date_gmt":"2012-09-12T19:36:21","guid":{"rendered":"https:\/\/diarrea.eu\/?page_id=39"},"modified":"2017-04-21T13:27:57","modified_gmt":"2017-04-21T11:27:57","slug":"rimedi-naturali-per-la-diarrea","status":"publish","type":"page","link":"https:\/\/diarrea.eu\/?page_id=118","title":{"rendered":"Rimedi naturali per la diarrea"},"content":{"rendered":"<h3 dir=\"ltr\" style=\"text-align: justify;\">Alimentazione<\/h3>\n<p style=\"text-align: justify;\">Fino a quando c\u2019\u00e8 dissenteria \u00e8 bene assicurare al nostro corpo una buona idratazione bevendo t\u00e8 con limone, acqua oppure soluzioni reidratanti vendute in farmacia. Queste soluzioni sono preparabili anche in casa: in un litro di acqua aggiungere 4 cucchiai rasi di zucchero, 1 cucchiaio raso di sale da cucina, il succo di 2 arance o di 1 pompelmo, 1 cucchiaino raso di bicarbonato di sodio; bere 1 tazza di questa soluzione dopo ogni evacuazione.<\/p>\n<p dir=\"ltr\" style=\"text-align: justify;\">Oltre ai liquidi \u00e8 bene assumere riso bollito o semolino, patate e carote lessate, pane tostato e grissini, banane, mele crude. Dopo la fase acuta l\u2019alimentazione deve avere un adeguato apporto di proteine (carne magra biologica, pesce, latticini fermentati e addizionati con probiotici, legumi frullati).<\/p>\n<h3 style=\"text-align: justify;\">Rimedi naturali<\/h3>\n<p style=\"text-align: justify;\"><span style=\"text-decoration: underline;\">Medicinali omeopatici utili in caso di diarrea<\/span>:<\/p>\n<p dir=\"ltr\" style=\"text-align: justify;\"><strong>Arsenicum album<\/strong>: \u00e8 indicato nelle forme di diarrea dovute a intossicazione alimentare; la diarrea \u00e8 molto violenta e debilitante con feci dal caratteristico odore cadaverico, solitamente \u00e8 accompagnata da vomito e nausea.<\/p>\n<p dir=\"ltr\" style=\"text-align: justify;\"><strong>Antimonim crudum<\/strong>: \u00e8 indicato quando la diarrea si presenta dopo un abuso di cibo o una prolungata esposizione al sole (si ha una sensazione di pienezza anche se si \u00e8 a digiuno); le feci sono semiliquide con evacuazioni frequenti.<\/p>\n<p dir=\"ltr\" style=\"text-align: justify;\"><strong>Bryonia alba<\/strong>: \u00e8 utile per la diarrea che si manifesta dopo aver bevuto bevande fredde; si ha \u00a0la lingua biancastra, gusto amaro e le feci irritanti con scariche sopratutto al mattino.<\/p>\n<p dir=\"ltr\" style=\"text-align: justify;\"><strong>Nux vomica<\/strong>: \u00e8 utile dopo abuso di alcool e fumo; i sintomi sono frequenti stimoli, non sempre seguiti da evacuazione, gonfiore addominale accompagnato spesso da coliche.<\/p>\n<p dir=\"ltr\" style=\"text-align: justify;\"><span style=\"text-decoration: underline;\">Rimedi naturali e tisane a base di erbe e piante officinali utili per calmare la diarrea:<\/span><\/p>\n<p dir=\"ltr\" style=\"text-align: justify;\"><strong>Agrimonia<\/strong>: la dose \u00e8 di 3 tazze di tisana al d\u00ec preparata lasciando infondere per 10 minuti 1 cucchiaio di foglie nell\u2019acqua bollente.<\/p>\n<p dir=\"ltr\" style=\"text-align: justify;\"><strong>Mora e lampone<\/strong>: la tisana va preparata immmergendo 2 cucchiaini di radici o foglie (le radici e le foglie hanno un effetto astringente) per 10 minuti in acqua bollente; berne 3 tazze al giorno.<\/p>\n<p dir=\"ltr\" style=\"text-align: justify;\"><strong>Carote<\/strong>: la zuppa di carote evita che i batteri tipo escherichia coli aderiscano alle pareti dell\u2019intestino tenue; il passato di carote \u00e8 un ottimo rimedio per la diarrea in particolare nei bambini perch\u00e8 aiuta a ricompattare le feci.<\/p>\n<p dir=\"ltr\" style=\"text-align: justify;\"><strong>Aglio<\/strong>: elimina una grande variet\u00e0 di virus, batteri e parassiti; si consiglia di consumare 1 o 2 spicchi di aglio crudi al giorno oppure tra i 500 e i 600mg di capsule al d\u00ec.<\/p>\n<p dir=\"ltr\" style=\"text-align: justify;\"><strong>Menta piperita<\/strong>: ha propriet\u00e0 antispasmodiche utili per evitare i crampi all\u2019intestino; \u00e8 sconsigliata a chi soffre di bruciori di stomaco o di reflusso esofageo e alle donne incinta. Consumare 3 tazze di tisana al d\u00ec preparata con 2 cucchiai di foglie essicate.<\/p>\n<p dir=\"ltr\" style=\"text-align: justify;\"><strong>Estratto di semi di pompelmo<\/strong>: \u00e8 in grado di contrastare numerose infezioni batteriche e di eliminare i batteri della shigella.<\/p>\n<p dir=\"ltr\" style=\"text-align: justify;\"><strong>Succo di mirtillo nero<\/strong>: come antidiarroico si pu\u00f2 usare puro o sciolto in un bicchiere di acqua.<\/p>\n<p dir=\"ltr\" style=\"text-align: justify;\"><strong>Amamelide(Hamamelis virginiana)<\/strong>: l\u2019infuso si prepara con 3g in 150 ml di acqua bollente da assumere 2 volte al giorno lontano dai pasti.<\/p>\n<p dir=\"ltr\" style=\"text-align: justify;\"><strong>Carciofo<\/strong>: in caso di diarrea il consumo di carciofi per le loro propriet\u00e0 astringenti riduce l\u2019evacuazione e aiuta l\u2019eliminazione delle tossine per le propriet\u00e0 depurative e diuretiche.<\/p>\n<p dir=\"ltr\" style=\"text-align: justify;\"><strong>Carrubo<\/strong>: l\u2019infuso si prepara con i fiori, i frutti e le foglie mettendo 5g in 150 ml di acqua bollente; se ne assumono 2 o 3 cucchiai al giorno se adulti, 2 o 3 cucchiaini se bambini.<\/p>\n<p dir=\"ltr\" style=\"text-align: justify;\"><strong>Fave secche<\/strong>: le fave secche o la farina di fave non setacciata, bollita tipo minestra, arresta la diarrea.<\/p>\n<p dir=\"ltr\" style=\"text-align: justify;\"><strong>Limone<\/strong>: mettere il succo di 1 limone e 1 cucchiaino di miele in un bicchiere di acqua tiepida; un\u2019ottima bevanda reidratante si ottiene con 1 litro di acqua, 2 cucchiai di zucchero, \u00bd cucchiaino di sale, \u00bd cucchiaino di bicarbonato, il succo di 1 limone.<\/p>\n<p>&nbsp;<\/p>\n<p dir=\"ltr\" style=\"text-align: justify;\"><strong>Mela<\/strong>: il consumo di mele crude, meglio con la buccia, svolge un\u2019azione normalizzante per le sue propriet\u00e0 astringenti e favorisce l\u2019eliminazione delle sostanze tossiche per le propriet\u00e0 depurative.<\/p>\n<p dir=\"ltr\" style=\"text-align: justify;\"><strong>Mirtillo<\/strong>: i mirtilli mangiati freschi aiutano a combattere la diarrea.<\/p>\n<p dir=\"ltr\" style=\"text-align: justify;\"><strong>Ortica<\/strong>: il decotto con foglie di ortica (5g di foglie in 200 ml di acqua) da bere a piacere \u00e8 utile in caso di diarrea.<\/p>\n<p dir=\"ltr\" style=\"text-align: justify;\"><strong>Primula<\/strong>: il decotto di foglie e fiori (3g in 200 ml di acqua) da assumere alla dose di 1 cucchiaio secondo neccessit\u00e0, anche ogni ora, \u00e8 molto efficace in caso di diarrea.<\/p>\n<p dir=\"ltr\" style=\"text-align: justify;\"><strong>Tiglio<\/strong>: il decotto con i frutti di tiglio (5g di frutti in 200 ml di acqua) da assumere pi\u00f9 volte al d\u00ec.<\/p>\n<p dir=\"ltr\" style=\"text-align: justify;\"><strong>Camomilla<\/strong>: efficace in caso di diarrea dei bambini a cui stanno spuntando i primi dentini.<\/p>\n<p dir=\"ltr\" style=\"text-align: justify;\"><strong>Gelsemium<\/strong>: pu\u00f2 essere molto utile per chi \u00e8 sotto pressione e tende a somatizzare con scariche diarroiche.<\/p>\n<div class=\"post\">\n<p class=\"entry\"><em><span style=\"color: #c0c0c0;\">I contenuti presenti nel sito sono a solo scopo informativo. Fate sempre riferimento alle indicazioni del vostro medico curante<\/span>.<\/em><\/p>\n<\/div>\n","protected":false},"excerpt":{"rendered":"<div class=\"mh-excerpt\"><p>Alimentazione Fino a quando c\u2019\u00e8 dissenteria \u00e8 bene assicurare al nostro corpo una buona idratazione bevendo t\u00e8 con limone, acqua oppure soluzioni reidratanti vendute in <a class=\"mh-excerpt-more\" href=\"https:\/\/diarrea.eu\/?page_id=118\" title=\"Rimedi naturali per la diarrea\">[&#8230;]<\/a><\/p>\n<\/div>","protected":false},"author":0,"featured_media":0,"parent":0,"menu_order":0,"comment_status":"open","ping_status":"open","template":"","meta":{"footnotes":""},"class_list":["post-118","page","type-page","status-publish","hentry"],"yoast_head":"<!-- This site is optimized with the Yoast SEO plugin v27.0 - https:\/\/yoast.com\/product\/yoast-seo-wordpress\/ -->\n<title>Rimedi naturali per la diarrea - Diarrea - Cause, Sintomi, Forme e Rimedi<\/title>\n<meta name=\"description\" content=\"L&#039;alimentazione e i rimedi naturali per la diarrea: i medicinali omeopatici, le tisane, le erbe e le piante officinali.\" \/>\n<meta name=\"robots\" content=\"index, follow, max-snippet:-1, max-image-preview:large, max-video-preview:-1\" \/>\n<link rel=\"canonical\" href=\"https:\/\/diarrea.eu\/?page_id=118\" \/>\n<meta property=\"og:locale\" content=\"it_IT\" \/>\n<meta property=\"og:type\" content=\"article\" \/>\n<meta property=\"og:title\" content=\"Rimedi naturali per la diarrea - Diarrea - Cause, Sintomi, Forme e Rimedi\" \/>\n<meta property=\"og:description\" content=\"L&#039;alimentazione e i rimedi naturali per la diarrea: i medicinali omeopatici, le tisane, le erbe e le piante officinali.\" \/>\n<meta property=\"og:url\" content=\"https:\/\/diarrea.eu\/?page_id=118\" \/>\n<meta property=\"og:site_name\" content=\"Diarrea - Cause, Sintomi, Forme e Rimedi\" \/>\n<meta property=\"article:modified_time\" content=\"2017-04-21T11:27:57+00:00\" \/>\n<meta name=\"twitter:card\" content=\"summary_large_image\" \/>\n<meta name=\"twitter:label1\" content=\"Tempo di lettura stimato\" \/>\n\t<meta name=\"twitter:data1\" content=\"4 minuti\" \/>\n<script type=\"application\/ld+json\" class=\"yoast-schema-graph\">{\"@context\":\"https:\/\/schema.org\",\"@graph\":[{\"@type\":\"WebPage\",\"@id\":\"https:\/\/diarrea.eu\/?page_id=118\",\"url\":\"https:\/\/diarrea.eu\/?page_id=118\",\"name\":\"Rimedi naturali per la diarrea - Diarrea - Cause, Sintomi, Forme e Rimedi\",\"isPartOf\":{\"@id\":\"https:\/\/diarrea.eu\/#website\"},\"datePublished\":\"2012-09-12T19:36:21+00:00\",\"dateModified\":\"2017-04-21T11:27:57+00:00\",\"description\":\"L'alimentazione e i rimedi naturali per la diarrea: i medicinali omeopatici, le tisane, le erbe e le piante officinali.\",\"breadcrumb\":{\"@id\":\"https:\/\/diarrea.eu\/?page_id=118#breadcrumb\"},\"inLanguage\":\"it-IT\",\"potentialAction\":[{\"@type\":\"ReadAction\",\"target\":[\"https:\/\/diarrea.eu\/?page_id=118\"]}]},{\"@type\":\"BreadcrumbList\",\"@id\":\"https:\/\/diarrea.eu\/?page_id=118#breadcrumb\",\"itemListElement\":[{\"@type\":\"ListItem\",\"position\":1,\"name\":\"Home\",\"item\":\"https:\/\/diarrea.eu\/\"},{\"@type\":\"ListItem\",\"position\":2,\"name\":\"Rimedi naturali per la diarrea\"}]},{\"@type\":\"WebSite\",\"@id\":\"https:\/\/diarrea.eu\/#website\",\"url\":\"https:\/\/diarrea.eu\/\",\"name\":\"Diarrea - Cause, Sintomi, Forme e Rimedi\",\"description\":\"\",\"publisher\":{\"@id\":\"https:\/\/diarrea.eu\/#organization\"},\"potentialAction\":[{\"@type\":\"SearchAction\",\"target\":{\"@type\":\"EntryPoint\",\"urlTemplate\":\"https:\/\/diarrea.eu\/?s={search_term_string}\"},\"query-input\":{\"@type\":\"PropertyValueSpecification\",\"valueRequired\":true,\"valueName\":\"search_term_string\"}}],\"inLanguage\":\"it-IT\"},{\"@type\":\"Organization\",\"@id\":\"https:\/\/diarrea.eu\/#organization\",\"name\":\"Diarrea - Cause, Sintomi, Forme e Rimedi\",\"url\":\"https:\/\/diarrea.eu\/\",\"logo\":{\"@type\":\"ImageObject\",\"inLanguage\":\"it-IT\",\"@id\":\"https:\/\/diarrea.eu\/#\/schema\/logo\/image\/\",\"url\":\"https:\/\/diarrea.eu\/wp-content\/uploads\/2017\/02\/cropped-diarr-1.png\",\"contentUrl\":\"https:\/\/diarrea.eu\/wp-content\/uploads\/2017\/02\/cropped-diarr-1.png\",\"width\":69,\"height\":67,\"caption\":\"Diarrea - Cause, Sintomi, Forme e Rimedi\"},\"image\":{\"@id\":\"https:\/\/diarrea.eu\/#\/schema\/logo\/image\/\"}}]}<\/script>\n<!-- \/ Yoast SEO plugin. -->","yoast_head_json":{"title":"Rimedi naturali per la diarrea - Diarrea - Cause, Sintomi, Forme e Rimedi","description":"L'alimentazione e i rimedi naturali per la diarrea: i medicinali omeopatici, le tisane, le erbe e le piante officinali.","robots":{"index":"index","follow":"follow","max-snippet":"max-snippet:-1","max-image-preview":"max-image-preview:large","max-video-preview":"max-video-preview:-1"},"canonical":"https:\/\/diarrea.eu\/?page_id=118","og_locale":"it_IT","og_type":"article","og_title":"Rimedi naturali per la diarrea - Diarrea - Cause, Sintomi, Forme e Rimedi","og_description":"L'alimentazione e i rimedi naturali per la diarrea: i medicinali omeopatici, le tisane, le erbe e le piante officinali.","og_url":"https:\/\/diarrea.eu\/?page_id=118","og_site_name":"Diarrea - Cause, Sintomi, Forme e Rimedi","article_modified_time":"2017-04-21T11:27:57+00:00","twitter_card":"summary_large_image","twitter_misc":{"Tempo di lettura stimato":"4 minuti"},"schema":{"@context":"https:\/\/schema.org","@graph":[{"@type":"WebPage","@id":"https:\/\/diarrea.eu\/?page_id=118","url":"https:\/\/diarrea.eu\/?page_id=118","name":"Rimedi naturali per la diarrea - Diarrea - Cause, Sintomi, Forme e Rimedi","isPartOf":{"@id":"https:\/\/diarrea.eu\/#website"},"datePublished":"2012-09-12T19:36:21+00:00","dateModified":"2017-04-21T11:27:57+00:00","description":"L'alimentazione e i rimedi naturali per la diarrea: i medicinali omeopatici, le tisane, le erbe e le piante officinali.","breadcrumb":{"@id":"https:\/\/diarrea.eu\/?page_id=118#breadcrumb"},"inLanguage":"it-IT","potentialAction":[{"@type":"ReadAction","target":["https:\/\/diarrea.eu\/?page_id=118"]}]},{"@type":"BreadcrumbList","@id":"https:\/\/diarrea.eu\/?page_id=118#breadcrumb","itemListElement":[{"@type":"ListItem","position":1,"name":"Home","item":"https:\/\/diarrea.eu\/"},{"@type":"ListItem","position":2,"name":"Rimedi naturali per la diarrea"}]},{"@type":"WebSite","@id":"https:\/\/diarrea.eu\/#website","url":"https:\/\/diarrea.eu\/","name":"Diarrea - Cause, Sintomi, Forme e Rimedi","description":"","publisher":{"@id":"https:\/\/diarrea.eu\/#organization"},"potentialAction":[{"@type":"SearchAction","target":{"@type":"EntryPoint","urlTemplate":"https:\/\/diarrea.eu\/?s={search_term_string}"},"query-input":{"@type":"PropertyValueSpecification","valueRequired":true,"valueName":"search_term_string"}}],"inLanguage":"it-IT"},{"@type":"Organization","@id":"https:\/\/diarrea.eu\/#organization","name":"Diarrea - Cause, Sintomi, Forme e Rimedi","url":"https:\/\/diarrea.eu\/","logo":{"@type":"ImageObject","inLanguage":"it-IT","@id":"https:\/\/diarrea.eu\/#\/schema\/logo\/image\/","url":"https:\/\/diarrea.eu\/wp-content\/uploads\/2017\/02\/cropped-diarr-1.png","contentUrl":"https:\/\/diarrea.eu\/wp-content\/uploads\/2017\/02\/cropped-diarr-1.png","width":69,"height":67,"caption":"Diarrea - Cause, Sintomi, Forme e Rimedi"},"image":{"@id":"https:\/\/diarrea.eu\/#\/schema\/logo\/image\/"}}]}},"_links":{"self":[{"href":"https:\/\/diarrea.eu\/index.php?rest_route=\/wp\/v2\/pages\/118","targetHints":{"allow":["GET"]}}],"collection":[{"href":"https:\/\/diarrea.eu\/index.php?rest_route=\/wp\/v2\/pages"}],"about":[{"href":"https:\/\/diarrea.eu\/index.php?rest_route=\/wp\/v2\/types\/page"}],"replies":[{"embeddable":true,"href":"https:\/\/diarrea.eu\/index.php?rest_route=%2Fwp%2Fv2%2Fcomments&post=118"}],"version-history":[{"count":1,"href":"https:\/\/diarrea.eu\/index.php?rest_route=\/wp\/v2\/pages\/118\/revisions"}],"predecessor-version":[{"id":155,"href":"https:\/\/diarrea.eu\/index.php?rest_route=\/wp\/v2\/pages\/118\/revisions\/155"}],"wp:attachment":[{"href":"https:\/\/diarrea.eu\/index.php?rest_route=%2Fwp%2Fv2%2Fmedia&parent=118"}],"curies":[{"name":"wp","href":"https:\/\/api.w.org\/{rel}","templated":true}]}}