{"id":115,"date":"2012-09-12T21:08:12","date_gmt":"2012-09-12T19:08:12","guid":{"rendered":"https:\/\/diarrea.eu\/?page_id=21"},"modified":"2017-04-21T13:27:57","modified_gmt":"2017-04-21T11:27:57","slug":"la-diarrea-nei-bambini","status":"publish","type":"page","link":"https:\/\/diarrea.eu\/?page_id=115","title":{"rendered":"La diarrea nei bambini"},"content":{"rendered":"<p dir=\"ltr\" style=\"text-align: justify;\">I bambini possono avere gravi forme di dissenteria cronica dovute a virus, parassiti, batteri, farmaci, disturbi intestinali funzionali, ipersensibilit\u00e0 alimentare.<\/p>\n<p dir=\"ltr\" style=\"text-align: justify;\">La causa pi\u00f9 comune di diarrea acuta infantile \u00e8 l\u2019infezione da rotavirus che di solito si risolve nel giro di 3\/9 giorni. Se il bambino ha la dissenteria non esitate a chiamare il medico: la diarrea \u00e8 particolarmente pericolosa nei neonati e nei lattanti poich\u00e8 pu\u00f2 portarli alla disidratazione nel giro di 1 o 2 giorni (un bambino disidratato pu\u00f2 morire in pochi giorni).<\/p>\n<p dir=\"ltr\" style=\"text-align: justify;\">Il principale trattamento per la diarrea \u00e8 la reidratazione per sostituire rapidamente i fluidi persi. Se nel giro di 24 ore non notate nessun miglioramento o si riscontra uno qualsiasi dei seguenti sintomi portate subito il bambino dal medico: feci con sangue o pus, feci nere, febbre oltre 39 gradi, segni di disidratazione.<\/p>\n<p dir=\"ltr\" style=\"text-align: justify;\">I segni di disidratazione nei bambini sono:<\/p>\n<ul>\n<li>secchezza della bocca e della lingua,<\/li>\n<li>pannolini non bagnati da pi\u00f9 di 3 ore,<\/li>\n<li>pianto senza lacrimazione,<\/li>\n<li>febbre alta,<\/li>\n<li>rossore all\u2019addome, agli occhi o alle guance,<\/li>\n<li>svogliatezza o irritabilit\u00e0,<\/li>\n<li>pelle che non si appiattisce se pizzicata e rilasciata.<\/li>\n<\/ul>\n<p style=\"text-align: justify;\">I liquidi e gli elettroliti persi durante gli attacchi di dissenteria devono essere reintegrati immediatamente perch\u00e8 il corpo non pu\u00f2 funzionare senza di essi. L\u2019acqua \u00e8 molto importante per prevenire la diarrea ma non contiene elettroliti; contribuiscono invece a ripristinare i livelli di elettroliti zuppe, brodi, succhi di frutta e verdura.<\/p>\n<div class=\"post\">\n<p class=\"entry\"><em><span style=\"color: #c0c0c0;\">I contenuti presenti nel sito sono a solo scopo informativo. Fate sempre riferimento alle indicazioni del vostro medico curante<\/span>.<\/em><\/p>\n<\/div>\n","protected":false},"excerpt":{"rendered":"<div class=\"mh-excerpt\"><p>I bambini possono avere gravi forme di dissenteria cronica dovute a virus, parassiti, batteri, farmaci, disturbi intestinali funzionali, ipersensibilit\u00e0 alimentare. La causa pi\u00f9 comune di <a class=\"mh-excerpt-more\" href=\"https:\/\/diarrea.eu\/?page_id=115\" title=\"La diarrea nei bambini\">[&#8230;]<\/a><\/p>\n<\/div>","protected":false},"author":0,"featured_media":0,"parent":0,"menu_order":0,"comment_status":"open","ping_status":"open","template":"","meta":{"footnotes":""},"class_list":["post-115","page","type-page","status-publish","hentry"],"yoast_head":"<!-- This site is optimized with the Yoast SEO plugin v27.0 - https:\/\/yoast.com\/product\/yoast-seo-wordpress\/ -->\n<title>La diarrea nei bambini - Diarrea - Cause, Sintomi, Forme e Rimedi<\/title>\n<meta name=\"description\" content=\"Come comportarsi se il bambino ha la diarrea.\" \/>\n<meta name=\"robots\" content=\"index, follow, max-snippet:-1, max-image-preview:large, max-video-preview:-1\" \/>\n<link rel=\"canonical\" href=\"https:\/\/diarrea.eu\/?page_id=115\" \/>\n<meta property=\"og:locale\" content=\"it_IT\" \/>\n<meta property=\"og:type\" content=\"article\" \/>\n<meta property=\"og:title\" content=\"La diarrea nei bambini - Diarrea - Cause, Sintomi, Forme e Rimedi\" \/>\n<meta property=\"og:description\" content=\"Come comportarsi se il bambino ha la diarrea.\" \/>\n<meta property=\"og:url\" content=\"https:\/\/diarrea.eu\/?page_id=115\" \/>\n<meta property=\"og:site_name\" content=\"Diarrea - Cause, Sintomi, Forme e Rimedi\" \/>\n<meta property=\"article:modified_time\" content=\"2017-04-21T11:27:57+00:00\" \/>\n<meta name=\"twitter:card\" content=\"summary_large_image\" \/>\n<meta name=\"twitter:label1\" content=\"Tempo di lettura stimato\" \/>\n\t<meta name=\"twitter:data1\" content=\"1 minuto\" \/>\n<script type=\"application\/ld+json\" class=\"yoast-schema-graph\">{\"@context\":\"https:\/\/schema.org\",\"@graph\":[{\"@type\":\"WebPage\",\"@id\":\"https:\/\/diarrea.eu\/?page_id=115\",\"url\":\"https:\/\/diarrea.eu\/?page_id=115\",\"name\":\"La diarrea nei bambini - Diarrea - Cause, Sintomi, Forme e Rimedi\",\"isPartOf\":{\"@id\":\"https:\/\/diarrea.eu\/#website\"},\"datePublished\":\"2012-09-12T19:08:12+00:00\",\"dateModified\":\"2017-04-21T11:27:57+00:00\",\"description\":\"Come comportarsi se il bambino ha la diarrea.\",\"breadcrumb\":{\"@id\":\"https:\/\/diarrea.eu\/?page_id=115#breadcrumb\"},\"inLanguage\":\"it-IT\",\"potentialAction\":[{\"@type\":\"ReadAction\",\"target\":[\"https:\/\/diarrea.eu\/?page_id=115\"]}]},{\"@type\":\"BreadcrumbList\",\"@id\":\"https:\/\/diarrea.eu\/?page_id=115#breadcrumb\",\"itemListElement\":[{\"@type\":\"ListItem\",\"position\":1,\"name\":\"Home\",\"item\":\"https:\/\/diarrea.eu\/\"},{\"@type\":\"ListItem\",\"position\":2,\"name\":\"La diarrea nei bambini\"}]},{\"@type\":\"WebSite\",\"@id\":\"https:\/\/diarrea.eu\/#website\",\"url\":\"https:\/\/diarrea.eu\/\",\"name\":\"Diarrea - Cause, Sintomi, Forme e Rimedi\",\"description\":\"\",\"publisher\":{\"@id\":\"https:\/\/diarrea.eu\/#organization\"},\"potentialAction\":[{\"@type\":\"SearchAction\",\"target\":{\"@type\":\"EntryPoint\",\"urlTemplate\":\"https:\/\/diarrea.eu\/?s={search_term_string}\"},\"query-input\":{\"@type\":\"PropertyValueSpecification\",\"valueRequired\":true,\"valueName\":\"search_term_string\"}}],\"inLanguage\":\"it-IT\"},{\"@type\":\"Organization\",\"@id\":\"https:\/\/diarrea.eu\/#organization\",\"name\":\"Diarrea - Cause, Sintomi, Forme e Rimedi\",\"url\":\"https:\/\/diarrea.eu\/\",\"logo\":{\"@type\":\"ImageObject\",\"inLanguage\":\"it-IT\",\"@id\":\"https:\/\/diarrea.eu\/#\/schema\/logo\/image\/\",\"url\":\"https:\/\/diarrea.eu\/wp-content\/uploads\/2017\/02\/cropped-diarr-1.png\",\"contentUrl\":\"https:\/\/diarrea.eu\/wp-content\/uploads\/2017\/02\/cropped-diarr-1.png\",\"width\":69,\"height\":67,\"caption\":\"Diarrea - Cause, Sintomi, Forme e Rimedi\"},\"image\":{\"@id\":\"https:\/\/diarrea.eu\/#\/schema\/logo\/image\/\"}}]}<\/script>\n<!-- \/ Yoast SEO plugin. -->","yoast_head_json":{"title":"La diarrea nei bambini - Diarrea - Cause, Sintomi, Forme e Rimedi","description":"Come comportarsi se il bambino ha la diarrea.","robots":{"index":"index","follow":"follow","max-snippet":"max-snippet:-1","max-image-preview":"max-image-preview:large","max-video-preview":"max-video-preview:-1"},"canonical":"https:\/\/diarrea.eu\/?page_id=115","og_locale":"it_IT","og_type":"article","og_title":"La diarrea nei bambini - Diarrea - Cause, Sintomi, Forme e Rimedi","og_description":"Come comportarsi se il bambino ha la diarrea.","og_url":"https:\/\/diarrea.eu\/?page_id=115","og_site_name":"Diarrea - Cause, Sintomi, Forme e Rimedi","article_modified_time":"2017-04-21T11:27:57+00:00","twitter_card":"summary_large_image","twitter_misc":{"Tempo di lettura stimato":"1 minuto"},"schema":{"@context":"https:\/\/schema.org","@graph":[{"@type":"WebPage","@id":"https:\/\/diarrea.eu\/?page_id=115","url":"https:\/\/diarrea.eu\/?page_id=115","name":"La diarrea nei bambini - Diarrea - Cause, Sintomi, Forme e Rimedi","isPartOf":{"@id":"https:\/\/diarrea.eu\/#website"},"datePublished":"2012-09-12T19:08:12+00:00","dateModified":"2017-04-21T11:27:57+00:00","description":"Come comportarsi se il bambino ha la diarrea.","breadcrumb":{"@id":"https:\/\/diarrea.eu\/?page_id=115#breadcrumb"},"inLanguage":"it-IT","potentialAction":[{"@type":"ReadAction","target":["https:\/\/diarrea.eu\/?page_id=115"]}]},{"@type":"BreadcrumbList","@id":"https:\/\/diarrea.eu\/?page_id=115#breadcrumb","itemListElement":[{"@type":"ListItem","position":1,"name":"Home","item":"https:\/\/diarrea.eu\/"},{"@type":"ListItem","position":2,"name":"La diarrea nei bambini"}]},{"@type":"WebSite","@id":"https:\/\/diarrea.eu\/#website","url":"https:\/\/diarrea.eu\/","name":"Diarrea - Cause, Sintomi, Forme e Rimedi","description":"","publisher":{"@id":"https:\/\/diarrea.eu\/#organization"},"potentialAction":[{"@type":"SearchAction","target":{"@type":"EntryPoint","urlTemplate":"https:\/\/diarrea.eu\/?s={search_term_string}"},"query-input":{"@type":"PropertyValueSpecification","valueRequired":true,"valueName":"search_term_string"}}],"inLanguage":"it-IT"},{"@type":"Organization","@id":"https:\/\/diarrea.eu\/#organization","name":"Diarrea - Cause, Sintomi, Forme e Rimedi","url":"https:\/\/diarrea.eu\/","logo":{"@type":"ImageObject","inLanguage":"it-IT","@id":"https:\/\/diarrea.eu\/#\/schema\/logo\/image\/","url":"https:\/\/diarrea.eu\/wp-content\/uploads\/2017\/02\/cropped-diarr-1.png","contentUrl":"https:\/\/diarrea.eu\/wp-content\/uploads\/2017\/02\/cropped-diarr-1.png","width":69,"height":67,"caption":"Diarrea - Cause, Sintomi, Forme e Rimedi"},"image":{"@id":"https:\/\/diarrea.eu\/#\/schema\/logo\/image\/"}}]}},"_links":{"self":[{"href":"https:\/\/diarrea.eu\/index.php?rest_route=\/wp\/v2\/pages\/115","targetHints":{"allow":["GET"]}}],"collection":[{"href":"https:\/\/diarrea.eu\/index.php?rest_route=\/wp\/v2\/pages"}],"about":[{"href":"https:\/\/diarrea.eu\/index.php?rest_route=\/wp\/v2\/types\/page"}],"replies":[{"embeddable":true,"href":"https:\/\/diarrea.eu\/index.php?rest_route=%2Fwp%2Fv2%2Fcomments&post=115"}],"version-history":[{"count":1,"href":"https:\/\/diarrea.eu\/index.php?rest_route=\/wp\/v2\/pages\/115\/revisions"}],"predecessor-version":[{"id":152,"href":"https:\/\/diarrea.eu\/index.php?rest_route=\/wp\/v2\/pages\/115\/revisions\/152"}],"wp:attachment":[{"href":"https:\/\/diarrea.eu\/index.php?rest_route=%2Fwp%2Fv2%2Fmedia&parent=115"}],"curies":[{"name":"wp","href":"https:\/\/api.w.org\/{rel}","templated":true}]}}